{"id":1375,"date":"2025-11-10T10:45:35","date_gmt":"2025-11-10T10:45:35","guid":{"rendered":"https:\/\/rullassociats.com\/valoracio-dempreses\/"},"modified":"2026-03-18T09:23:51","modified_gmt":"2026-03-18T09:23:51","slug":"valoracio-dempreses","status":"publish","type":"page","link":"https:\/\/rullassociats.com\/ca\/valoracio-dempreses\/","title":{"rendered":"Valoraci\u00f3 d&#8217;empreses"},"content":{"rendered":"\t\t<div data-elementor-type=\"wp-page\" data-elementor-id=\"1375\" class=\"elementor elementor-1375 elementor-753\" data-elementor-post-type=\"page\">\n\t\t\t\t<div class=\"elementor-element elementor-element-fe64b5f e-flex e-con-boxed e-con e-parent\" data-id=\"fe64b5f\" data-element_type=\"container\" data-e-type=\"container\" data-settings=\"{&quot;background_background&quot;:&quot;gradient&quot;}\">\n\t\t\t\t\t<div class=\"e-con-inner\">\n\t\t<div class=\"elementor-element elementor-element-b2ee769 e-con-full e-flex e-con e-child\" data-id=\"b2ee769\" data-element_type=\"container\" data-e-type=\"container\">\n\t\t\t\t<div class=\"elementor-element elementor-element-80b7fb9 elementor-widget__width-inherit animated-slow elementor-widget-mobile__width-inherit elementor-invisible elementor-widget elementor-widget-heading\" data-id=\"80b7fb9\" data-element_type=\"widget\" data-e-type=\"widget\" data-settings=\"{&quot;_animation&quot;:&quot;fadeInUp&quot;}\" data-widget_type=\"heading.default\">\n\t\t\t\t\t<h2 class=\"elementor-heading-title elementor-size-default\">Valoraci\u00f3 d'empreses<\/h2>\t\t\t\t<\/div>\n\t\t\t\t<div class=\"elementor-element elementor-element-29ede1c elementor-widget__width-inherit animated-slow elementor-widget-mobile__width-inherit sr-only elementor-invisible elementor-widget elementor-widget-heading\" data-id=\"29ede1c\" data-element_type=\"widget\" data-e-type=\"widget\" data-settings=\"{&quot;_animation&quot;:&quot;fadeInUp&quot;}\" data-widget_type=\"heading.default\">\n\t\t\t\t\t<h1 class=\"elementor-heading-title elementor-size-default\">Projectes de valoraci\u00f3 empresarial i an\u00e0lisi financer<\/h1>\t\t\t\t<\/div>\n\t\t\t\t<div class=\"elementor-element elementor-element-0058026 animated-slow elementor-invisible elementor-widget elementor-widget-text-editor\" data-id=\"0058026\" data-element_type=\"widget\" data-e-type=\"widget\" data-settings=\"{&quot;_animation&quot;:&quot;fadeInUp&quot;}\" data-widget_type=\"text-editor.default\">\n\t\t\t\t\t\t\t\t\t<p>An\u00e0lisi financera i projecci\u00f3 de valor al servei de la direcci\u00f3 estrat\u00e8gica.<\/p>\t\t\t\t\t\t\t\t<\/div>\n\t\t\t\t<\/div>\n\t\t<div class=\"elementor-element elementor-element-6ce393d e-con-full animated-slow e-flex elementor-invisible e-con e-child\" data-id=\"6ce393d\" data-element_type=\"container\" data-e-type=\"container\" data-settings=\"{&quot;background_background&quot;:&quot;classic&quot;,&quot;animation&quot;:&quot;fadeInUp&quot;}\">\n\t\t\t\t<div class=\"elementor-element elementor-element-eac3d70 elementor-widget__width-inherit elementor-widget elementor-widget-heading\" data-id=\"eac3d70\" data-element_type=\"widget\" data-e-type=\"widget\" data-widget_type=\"heading.default\">\n\t\t\t\t\t<span class=\"elementor-heading-title elementor-size-default\">Les bones decisions comencen per mesurar b\u00e9.<\/span>\t\t\t\t<\/div>\n\t\t\t\t<div class=\"elementor-element elementor-element-403d4f1 elementor-widget__width-inherit sr-only elementor-widget elementor-widget-heading\" data-id=\"403d4f1\" data-element_type=\"widget\" data-e-type=\"widget\" data-widget_type=\"heading.default\">\n\t\t\t\t\t<h2 class=\"elementor-heading-title elementor-size-default\">Decidir comen\u00e7a per mesurar: con\u00e8ixer el valor real de la teva empresa<\/h2>\t\t\t\t<\/div>\n\t\t\t\t<div class=\"elementor-element elementor-element-9060982 elementor-widget elementor-widget-text-editor\" data-id=\"9060982\" data-element_type=\"widget\" data-e-type=\"widget\" data-widget_type=\"text-editor.default\">\n\t\t\t\t\t\t\t\t\t<p>Con\u00e8ixer el valor real d&#8217;una empresa \u00e9s essencial per a definir estrat\u00e8gia i prendre decisions de creixement, inversi\u00f3, finan\u00e7ament o venda.<\/p><p>Permet avaluar la solidesa del model de negoci, identificar els factors que generen valor i projectar escenaris futurs.<\/p><p>Tamb\u00e9 refor\u00e7a la credibilitat i la confian\u00e7a de clients, prove\u00efdors, socis i accionistes.<\/p>\t\t\t\t\t\t\t\t<\/div>\n\t\t\t\t<\/div>\n\t\t\t\t\t<\/div>\n\t\t\t\t<\/div>\n\t\t<div class=\"elementor-element elementor-element-0c8b7da e-flex e-con-boxed e-con e-parent\" data-id=\"0c8b7da\" data-element_type=\"container\" data-e-type=\"container\" data-settings=\"{&quot;background_background&quot;:&quot;gradient&quot;}\">\n\t\t\t\t\t<div class=\"e-con-inner\">\n\t\t\t\t<div class=\"elementor-element elementor-element-0b93039 elementor-widget__width-inherit animated-slow elementor-invisible elementor-widget elementor-widget-heading\" data-id=\"0b93039\" data-element_type=\"widget\" data-e-type=\"widget\" data-settings=\"{&quot;_animation&quot;:&quot;fadeInUp&quot;}\" data-widget_type=\"heading.default\">\n\t\t\t\t\t<h2 class=\"elementor-heading-title elementor-size-default\">Una eina clau per a la direcci\u00f3 i l'estrat\u00e8gia<\/h2>\t\t\t\t<\/div>\n\t\t\t\t<div class=\"elementor-element elementor-element-3d0c927 animated-slow elementor-invisible elementor-widget elementor-widget-text-editor\" data-id=\"3d0c927\" data-element_type=\"widget\" data-e-type=\"widget\" data-settings=\"{&quot;_animation&quot;:&quot;fadeInUp&quot;}\" data-widget_type=\"text-editor.default\">\n\t\t\t\t\t\t\t\t\t<p>Una valoraci\u00f3 rigorosa quantifica els factors que impulsen el valor de l&#8217;empresa i dona a la direcci\u00f3 una visi\u00f3 clara del que accelera el negoci, del que el frena i del que el pot fer m\u00e9s competitiu.<\/p>\t\t\t\t\t\t\t\t<\/div>\n\t\t<div class=\"elementor-element elementor-element-b37a370 e-con-full e-grid e-con e-child\" data-id=\"b37a370\" data-element_type=\"container\" data-e-type=\"container\">\n\t\t<div class=\"elementor-element elementor-element-f0d92cf e-con-full animated-slow e-flex elementor-invisible e-con e-child\" data-id=\"f0d92cf\" data-element_type=\"container\" data-e-type=\"container\" data-settings=\"{&quot;animation&quot;:&quot;fadeInUp&quot;}\">\n\t\t\t\t<div class=\"elementor-element elementor-element-7dcd6a7 elementor-widget elementor-widget-heading\" data-id=\"7dcd6a7\" data-element_type=\"widget\" data-e-type=\"widget\" data-widget_type=\"heading.default\">\n\t\t\t\t\t<h3 class=\"elementor-heading-title elementor-size-default\">Venda o sortida:<\/h3>\t\t\t\t<\/div>\n\t\t\t\t<div class=\"elementor-element elementor-element-c7d4b69 elementor-widget elementor-widget-text-editor\" data-id=\"c7d4b69\" data-element_type=\"widget\" data-e-type=\"widget\" data-widget_type=\"text-editor.default\">\n\t\t\t\t\t\t\t\t\t<p>Situa l&#8217;empresa des d&#8217;una posici\u00f3 s\u00f2lida en qualsevol proc\u00e9s de negociaci\u00f3.<\/p>\t\t\t\t\t\t\t\t<\/div>\n\t\t\t\t<\/div>\n\t\t<div class=\"elementor-element elementor-element-c73dc4f e-con-full animated-slow e-flex elementor-invisible e-con e-child\" data-id=\"c73dc4f\" data-element_type=\"container\" data-e-type=\"container\" data-settings=\"{&quot;animation&quot;:&quot;fadeInUp&quot;}\">\n\t\t\t\t<div class=\"elementor-element elementor-element-da4ab3b elementor-widget elementor-widget-heading\" data-id=\"da4ab3b\" data-element_type=\"widget\" data-e-type=\"widget\" data-widget_type=\"heading.default\">\n\t\t\t\t\t<h3 class=\"elementor-heading-title elementor-size-default\">Captaci\u00f3 de capital o finan\u00e7ament :<\/h3>\t\t\t\t<\/div>\n\t\t\t\t<div class=\"elementor-element elementor-element-dbf75b8 elementor-widget elementor-widget-text-editor\" data-id=\"dbf75b8\" data-element_type=\"widget\" data-e-type=\"widget\" data-widget_type=\"text-editor.default\">\n\t\t\t\t\t\t\t\t\t<p>Dona suport a decisions fiables sobre cessi\u00f3 d&#8217;accions, diluci\u00f3 i capacitat \u00f2ptima d&#8217;endeutament.<\/p>\t\t\t\t\t\t\t\t<\/div>\n\t\t\t\t<\/div>\n\t\t<div class=\"elementor-element elementor-element-30e9546 e-con-full animated-slow e-flex elementor-invisible e-con e-child\" data-id=\"30e9546\" data-element_type=\"container\" data-e-type=\"container\" data-settings=\"{&quot;animation&quot;:&quot;fadeInUp&quot;}\">\n\t\t\t\t<div class=\"elementor-element elementor-element-704b153 elementor-widget elementor-widget-heading\" data-id=\"704b153\" data-element_type=\"widget\" data-e-type=\"widget\" data-widget_type=\"heading.default\">\n\t\t\t\t\t<h3 class=\"elementor-heading-title elementor-size-default\">Estrat\u00e8gia de creixement :<\/h3>\t\t\t\t<\/div>\n\t\t\t\t<div class=\"elementor-element elementor-element-4f14161 elementor-widget elementor-widget-text-editor\" data-id=\"4f14161\" data-element_type=\"widget\" data-e-type=\"widget\" data-widget_type=\"text-editor.default\">\n\t\t\t\t\t\t\t\t\t<p>Facilita la planificaci\u00f3 d&#8217;escenaris de creixement realistes i mesurables.<\/p>\t\t\t\t\t\t\t\t<\/div>\n\t\t\t\t<\/div>\n\t\t\t\t<\/div>\n\t\t\t\t\t<\/div>\n\t\t\t\t<\/div>\n\t\t<div class=\"elementor-element elementor-element-07b6546 e-flex e-con-boxed e-con e-parent\" data-id=\"07b6546\" data-element_type=\"container\" data-e-type=\"container\">\n\t\t\t\t\t<div class=\"e-con-inner\">\n\t\t\t\t<div class=\"elementor-element elementor-element-bfbff0b elementor-widget__width-initial animated-slow elementor-widget-mobile__width-inherit elementor-widget-tablet__width-inherit elementor-invisible elementor-widget elementor-widget-heading\" data-id=\"bfbff0b\" data-element_type=\"widget\" data-e-type=\"widget\" data-settings=\"{&quot;_animation&quot;:&quot;fadeInUp&quot;}\" data-widget_type=\"heading.default\">\n\t\t\t\t\t<h2 class=\"elementor-heading-title elementor-size-default\">Valoracions constru\u00efdes sobre dades reals.<\/h2>\t\t\t\t<\/div>\n\t\t\t\t<div class=\"elementor-element elementor-element-a0b33ff animated-slow elementor-invisible elementor-widget elementor-widget-text-editor\" data-id=\"a0b33ff\" data-element_type=\"widget\" data-e-type=\"widget\" data-settings=\"{&quot;_animation&quot;:&quot;fadeInUp&quot;}\" data-widget_type=\"text-editor.default\">\n\t\t\t\t\t\t\t\t\t<p>Una valoraci\u00f3 nom\u00e9s \u00e9s s\u00f2lida si la informaci\u00f3 que la sustenta tamb\u00e9<\/p><p>A Rull i Associats SCP analitzem l&#8217;empresa des de l&#8217;operativa interna fins al resultat financer per a obtenir una valoraci\u00f3 que reflecteixi la realitat del negoci i doni suport a decisions basades en dades.<\/p>\t\t\t\t\t\t\t\t<\/div>\n\t\t<div class=\"elementor-element elementor-element-e605190 e-con-full e-flex e-con e-child\" data-id=\"e605190\" data-element_type=\"container\" data-e-type=\"container\">\n\t\t<div class=\"elementor-element elementor-element-ab76646 e-con-full animated-slow e-flex elementor-invisible e-con e-child\" data-id=\"ab76646\" data-element_type=\"container\" data-e-type=\"container\" data-settings=\"{&quot;background_background&quot;:&quot;gradient&quot;,&quot;animation&quot;:&quot;fadeInUp&quot;,&quot;animation_delay&quot;:200}\">\n\t\t\t\t<div class=\"elementor-element elementor-element-c67a5f5 elementor-widget elementor-widget-heading\" data-id=\"c67a5f5\" data-element_type=\"widget\" data-e-type=\"widget\" data-widget_type=\"heading.default\">\n\t\t\t\t\t<span class=\"elementor-heading-title elementor-size-default\">1<\/span>\t\t\t\t<\/div>\n\t\t\t\t<div class=\"elementor-element elementor-element-698c289 elementor-widget elementor-widget-heading\" data-id=\"698c289\" data-element_type=\"widget\" data-e-type=\"widget\" data-widget_type=\"heading.default\">\n\t\t\t\t\t<h3 class=\"elementor-heading-title elementor-size-default\">Sistemes d'informaci\u00f3 i control<\/h3>\t\t\t\t<\/div>\n\t\t\t\t<div class=\"elementor-element elementor-element-b75313b elementor-widget elementor-widget-text-editor\" data-id=\"b75313b\" data-element_type=\"widget\" data-e-type=\"widget\" data-widget_type=\"text-editor.default\">\n\t\t\t\t\t\t\t\t\t<p>Implantem els sistemes necessaris per a documentar l&#8217;activitat de l&#8217;empresa amb fiabilitat.<\/p>\t\t\t\t\t\t\t\t<\/div>\n\t\t\t\t<\/div>\n\t\t<div class=\"elementor-element elementor-element-7a9dafe e-con-full animated-slow e-flex elementor-invisible e-con e-child\" data-id=\"7a9dafe\" data-element_type=\"container\" data-e-type=\"container\" data-settings=\"{&quot;background_background&quot;:&quot;gradient&quot;,&quot;animation&quot;:&quot;fadeInUp&quot;,&quot;animation_delay&quot;:400}\">\n\t\t\t\t<div class=\"elementor-element elementor-element-851c095 elementor-widget elementor-widget-heading\" data-id=\"851c095\" data-element_type=\"widget\" data-e-type=\"widget\" data-widget_type=\"heading.default\">\n\t\t\t\t\t<span class=\"elementor-heading-title elementor-size-default\">2<\/span>\t\t\t\t<\/div>\n\t\t\t\t<div class=\"elementor-element elementor-element-53bf6b8 elementor-widget elementor-widget-heading\" data-id=\"53bf6b8\" data-element_type=\"widget\" data-e-type=\"widget\" data-widget_type=\"heading.default\">\n\t\t\t\t\t<h3 class=\"elementor-heading-title elementor-size-default\">An\u00e0lisi de l'empresa<\/h3>\t\t\t\t<\/div>\n\t\t\t\t<div class=\"elementor-element elementor-element-67f0e44 elementor-widget elementor-widget-text-editor\" data-id=\"67f0e44\" data-element_type=\"widget\" data-e-type=\"widget\" data-widget_type=\"text-editor.default\">\n\t\t\t\t\t\t\t\t\t<p>Estudiem qu\u00e8 fa l&#8217;empresa, com factura, qu\u00e8 cobra, qu\u00e8 genera i com funcionen els seus processos.<\/p>\t\t\t\t\t\t\t\t<\/div>\n\t\t\t\t<\/div>\n\t\t<div class=\"elementor-element elementor-element-c2863d9 e-con-full animated-slow e-flex elementor-invisible e-con e-child\" data-id=\"c2863d9\" data-element_type=\"container\" data-e-type=\"container\" data-settings=\"{&quot;background_background&quot;:&quot;gradient&quot;,&quot;animation&quot;:&quot;fadeInUp&quot;,&quot;animation_delay&quot;:600}\">\n\t\t\t\t<div class=\"elementor-element elementor-element-098f58e elementor-widget elementor-widget-heading\" data-id=\"098f58e\" data-element_type=\"widget\" data-e-type=\"widget\" data-widget_type=\"heading.default\">\n\t\t\t\t\t<span class=\"elementor-heading-title elementor-size-default\">3<\/span>\t\t\t\t<\/div>\n\t\t\t\t<div class=\"elementor-element elementor-element-c6423d5 elementor-widget elementor-widget-heading\" data-id=\"c6423d5\" data-element_type=\"widget\" data-e-type=\"widget\" data-widget_type=\"heading.default\">\n\t\t\t\t\t<h3 class=\"elementor-heading-title elementor-size-default\">Projecci\u00f3 a futur<\/h3>\t\t\t\t<\/div>\n\t\t\t\t<div class=\"elementor-element elementor-element-b87b317 elementor-widget elementor-widget-text-editor\" data-id=\"b87b317\" data-element_type=\"widget\" data-e-type=\"widget\" data-widget_type=\"text-editor.default\">\n\t\t\t\t\t\t\t\t\t<p>Constru\u00efm escenaris futurs a partir del comportament del negoci i de les seves principals palanques operatives.<\/p>\t\t\t\t\t\t\t\t<\/div>\n\t\t\t\t<\/div>\n\t\t\t\t<\/div>\n\t\t<div class=\"elementor-element elementor-element-c3c300f e-con-full e-flex e-con e-child\" data-id=\"c3c300f\" data-element_type=\"container\" data-e-type=\"container\">\n\t\t<div class=\"elementor-element elementor-element-9671128 e-con-full animated-slow e-flex elementor-invisible e-con e-child\" data-id=\"9671128\" data-element_type=\"container\" data-e-type=\"container\" data-settings=\"{&quot;background_background&quot;:&quot;gradient&quot;,&quot;animation&quot;:&quot;fadeInUp&quot;,&quot;animation_delay&quot;:800}\">\n\t\t\t\t<div class=\"elementor-element elementor-element-0b49d6d elementor-widget elementor-widget-heading\" data-id=\"0b49d6d\" data-element_type=\"widget\" data-e-type=\"widget\" data-widget_type=\"heading.default\">\n\t\t\t\t\t<span class=\"elementor-heading-title elementor-size-default\">4<\/span>\t\t\t\t<\/div>\n\t\t\t\t<div class=\"elementor-element elementor-element-e9f0b96 elementor-widget elementor-widget-heading\" data-id=\"e9f0b96\" data-element_type=\"widget\" data-e-type=\"widget\" data-widget_type=\"heading.default\">\n\t\t\t\t\t<h3 class=\"elementor-heading-title elementor-size-default\">Modelitzaci\u00f3 del valor<\/h3>\t\t\t\t<\/div>\n\t\t\t\t<div class=\"elementor-element elementor-element-16bf293 elementor-widget elementor-widget-text-editor\" data-id=\"16bf293\" data-element_type=\"widget\" data-e-type=\"widget\" data-widget_type=\"text-editor.default\">\n\t\t\t\t\t\t\t\t\t<p>Estimem el valor real de l&#8217;empresa incorporant risc, taxes de descompte, passius, tresoreria i deute.<\/p>\t\t\t\t\t\t\t\t<\/div>\n\t\t\t\t<\/div>\n\t\t<div class=\"elementor-element elementor-element-2800f64 e-con-full animated-slow e-flex elementor-invisible e-con e-child\" data-id=\"2800f64\" data-element_type=\"container\" data-e-type=\"container\" data-settings=\"{&quot;background_background&quot;:&quot;gradient&quot;,&quot;animation&quot;:&quot;fadeInUp&quot;,&quot;animation_delay&quot;:1000}\">\n\t\t\t\t<div class=\"elementor-element elementor-element-a38fad7 elementor-widget elementor-widget-heading\" data-id=\"a38fad7\" data-element_type=\"widget\" data-e-type=\"widget\" data-widget_type=\"heading.default\">\n\t\t\t\t\t<span class=\"elementor-heading-title elementor-size-default\">5<\/span>\t\t\t\t<\/div>\n\t\t\t\t<div class=\"elementor-element elementor-element-863dc11 elementor-widget elementor-widget-heading\" data-id=\"863dc11\" data-element_type=\"widget\" data-e-type=\"widget\" data-widget_type=\"heading.default\">\n\t\t\t\t\t<h3 class=\"elementor-heading-title elementor-size-default\">Resultats i conclusions<\/h3>\t\t\t\t<\/div>\n\t\t\t\t<div class=\"elementor-element elementor-element-6efa1af elementor-widget elementor-widget-text-editor\" data-id=\"6efa1af\" data-element_type=\"widget\" data-e-type=\"widget\" data-widget_type=\"text-editor.default\">\n\t\t\t\t\t\t\t\t\t<p>Lliurem un informe que va m\u00e9s enll\u00e0 d&#8217;una xifra: explica qu\u00e8 impulsa el valor del negoci i qu\u00e8 l&#8217;erosiona.<\/p>\t\t\t\t\t\t\t\t<\/div>\n\t\t\t\t<\/div>\n\t\t\t\t<\/div>\n\t\t\t\t\t<\/div>\n\t\t\t\t<\/div>\n\t\t<div class=\"elementor-element elementor-element-569eda9 e-flex e-con-boxed e-con e-parent\" data-id=\"569eda9\" data-element_type=\"container\" data-e-type=\"container\">\n\t\t\t\t\t<div class=\"e-con-inner\">\n\t\t\t\t<div class=\"elementor-element elementor-element-b411d62 animated-slow elementor-invisible elementor-widget elementor-widget-n-accordion\" data-id=\"b411d62\" data-element_type=\"widget\" data-e-type=\"widget\" data-settings=\"{&quot;_animation&quot;:&quot;fadeInUp&quot;,&quot;default_state&quot;:&quot;expanded&quot;,&quot;max_items_expended&quot;:&quot;one&quot;,&quot;n_accordion_animation_duration&quot;:{&quot;unit&quot;:&quot;ms&quot;,&quot;size&quot;:400,&quot;sizes&quot;:[]}}\" data-widget_type=\"nested-accordion.default\">\n\t\t\t\t\t\t\t<div class=\"e-n-accordion\" aria-label=\"Accordion. Open links with Enter or Space, close with Escape, and navigate with Arrow Keys\">\n\t\t\t\t\t\t<details id=\"e-n-accordion-item-1880\" class=\"e-n-accordion-item\" open>\n\t\t\t\t<summary class=\"e-n-accordion-item-title\" data-accordion-index=\"1\" tabindex=\"0\" aria-expanded=\"true\" aria-controls=\"e-n-accordion-item-1880\" >\n\t\t\t\t\t<span class='e-n-accordion-item-title-header'><div class=\"e-n-accordion-item-title-text\"> Els nostres projectes de valoraci\u00f3... <\/div><\/span>\n\t\t\t\t\t\t\t<span class='e-n-accordion-item-title-icon'>\n\t\t\t<span class='e-opened' ><svg aria-hidden=\"true\" class=\"e-font-icon-svg e-fas-arrow-up\" viewBox=\"0 0 448 512\" xmlns=\"http:\/\/www.w3.org\/2000\/svg\"><path d=\"M34.9 289.5l-22.2-22.2c-9.4-9.4-9.4-24.6 0-33.9L207 39c9.4-9.4 24.6-9.4 33.9 0l194.3 194.3c9.4 9.4 9.4 24.6 0 33.9L413 289.4c-9.5 9.5-25 9.3-34.3-.4L264 168.6V456c0 13.3-10.7 24-24 24h-32c-13.3 0-24-10.7-24-24V168.6L69.2 289.1c-9.3 9.8-24.8 10-34.3.4z\"><\/path><\/svg><\/span>\n\t\t\t<span class='e-closed'><svg aria-hidden=\"true\" class=\"e-font-icon-svg e-fas-arrow-down\" viewBox=\"0 0 448 512\" xmlns=\"http:\/\/www.w3.org\/2000\/svg\"><path d=\"M413.1 222.5l22.2 22.2c9.4 9.4 9.4 24.6 0 33.9L241 473c-9.4 9.4-24.6 9.4-33.9 0L12.7 278.6c-9.4-9.4-9.4-24.6 0-33.9l22.2-22.2c9.5-9.5 25-9.3 34.3.4L184 343.4V56c0-13.3 10.7-24 24-24h32c13.3 0 24 10.7 24 24v287.4l114.8-120.5c9.3-9.8 24.8-10 34.3-.4z\"><\/path><\/svg><\/span>\n\t\t<\/span>\n\n\t\t\t\t\t\t<\/summary>\n\t\t\t\t<div role=\"region\" aria-labelledby=\"e-n-accordion-item-1880\" class=\"elementor-element elementor-element-8d8fa6d e-con-full e-flex e-con e-child\" data-id=\"8d8fa6d\" data-element_type=\"container\" data-e-type=\"container\">\n\t\t<div role=\"region\" aria-labelledby=\"e-n-accordion-item-1880\" class=\"elementor-element elementor-element-b77b651 e-flex e-con-boxed e-con e-child\" data-id=\"b77b651\" data-element_type=\"container\" data-e-type=\"container\">\n\t\t\t\t\t<div class=\"e-con-inner\">\n\t\t\t\t<div class=\"elementor-element elementor-element-acdf852 elementor-widget elementor-widget-text-editor\" data-id=\"acdf852\" data-element_type=\"widget\" data-e-type=\"widget\" data-widget_type=\"text-editor.default\">\n\t\t\t\t\t\t\t\t\t<ul><li>Se centren en el que m\u00e9s importa a compradors, inversors i socis: la capacitat de generar rendibilitat i liquiditat de manera sostinguda.<\/li><li><p>Reflecteixen el valor de tot el negoci, no nom\u00e9s del patrimoni comptable.<\/p><\/li><li><p>Recullen els avantatges competitius reals de l&#8217;empresa.<\/p><\/li><li><p>Ajusten l&#8217;an\u00e0lisi als riscos espec\u00edfics que importen en la presa de decisions.<\/p><\/li><li><p>Permeten actuar per a incrementar el valor de l&#8217;empresa.<\/p><\/li><li><p>Funcionen com una eina de direcci\u00f3 estrat\u00e8gica, no nom\u00e9s com un informe t\u00e8cnic.<\/p><\/li><\/ul>\t\t\t\t\t\t\t\t<\/div>\n\t\t\t\t\t<\/div>\n\t\t\t\t<\/div>\n\t\t\t\t<\/div>\n\t\t\t\t\t<\/details>\n\t\t\t\t\t<\/div>\n\t\t\t\t\t\t<\/div>\n\t\t\t\t\t<\/div>\n\t\t\t\t<\/div>\n\t\t\t\t<\/div>\n\t\t","protected":false},"excerpt":{"rendered":"<p>Valoraci\u00f3 d&#8217;empreses Projectes de valoraci\u00f3 empresarial i an\u00e0lisi financer An\u00e0lisi financera i projecci\u00f3 de valor al servei de la direcci\u00f3 estrat\u00e8gica. Les bones decisions comencen per mesurar b\u00e9. Decidir comen\u00e7a per mesurar: con\u00e8ixer el valor real de la teva empresa Con\u00e8ixer el valor real d&#8217;una empresa \u00e9s essencial per a definir estrat\u00e8gia i prendre decisions [&hellip;]<\/p>\n","protected":false},"author":1,"featured_media":0,"parent":0,"menu_order":0,"comment_status":"closed","ping_status":"closed","template":"","meta":{"footnotes":""},"class_list":["post-1375","page","type-page","status-publish","hentry"],"_links":{"self":[{"href":"https:\/\/rullassociats.com\/ca\/wp-json\/wp\/v2\/pages\/1375","targetHints":{"allow":["GET"]}}],"collection":[{"href":"https:\/\/rullassociats.com\/ca\/wp-json\/wp\/v2\/pages"}],"about":[{"href":"https:\/\/rullassociats.com\/ca\/wp-json\/wp\/v2\/types\/page"}],"author":[{"embeddable":true,"href":"https:\/\/rullassociats.com\/ca\/wp-json\/wp\/v2\/users\/1"}],"replies":[{"embeddable":true,"href":"https:\/\/rullassociats.com\/ca\/wp-json\/wp\/v2\/comments?post=1375"}],"version-history":[{"count":1,"href":"https:\/\/rullassociats.com\/ca\/wp-json\/wp\/v2\/pages\/1375\/revisions"}],"predecessor-version":[{"id":1376,"href":"https:\/\/rullassociats.com\/ca\/wp-json\/wp\/v2\/pages\/1375\/revisions\/1376"}],"wp:attachment":[{"href":"https:\/\/rullassociats.com\/ca\/wp-json\/wp\/v2\/media?parent=1375"}],"curies":[{"name":"wp","href":"https:\/\/api.w.org\/{rel}","templated":true}]}}